{"id":302,"date":"2016-10-12T07:31:26","date_gmt":"2016-10-12T07:31:26","guid":{"rendered":"http:\/\/dck.dobron.pl\/?page_id=302"},"modified":"2022-03-23T11:07:08","modified_gmt":"2022-03-23T11:07:08","slug":"teatr","status":"publish","type":"page","link":"https:\/\/dck.dobron.pl\/?page_id=302","title":{"rendered":"Teatr &#8222;sPokoLe\u0144&#8221;"},"content":{"rendered":"<h3>Zapraszamy na kolejn\u0105 ods\u0142on\u0119 \ud83d\ude42<\/h3>\n<p><img loading=\"lazy\" decoding=\"async\" class=\"wp-image-2792 alignleft\" src=\"https:\/\/dck.dobron.pl\/wp-content\/uploads\/2022\/03\/0129-194x300.jpg\" alt=\"\" width=\"488\" height=\"755\" srcset=\"https:\/\/dck.dobron.pl\/wp-content\/uploads\/2022\/03\/0129-194x300.jpg 194w, https:\/\/dck.dobron.pl\/wp-content\/uploads\/2022\/03\/0129-663x1024.jpg 663w, https:\/\/dck.dobron.pl\/wp-content\/uploads\/2022\/03\/0129-768x1186.jpg 768w, https:\/\/dck.dobron.pl\/wp-content\/uploads\/2022\/03\/0129-994x1536.jpg 994w, https:\/\/dck.dobron.pl\/wp-content\/uploads\/2022\/03\/0129.jpg 1072w\" sizes=\"auto, (max-width: 488px) 100vw, 488px\" \/><\/p>\n<p>&nbsp;<\/p>\n<p>&nbsp;<\/p>\n<p>&nbsp;<\/p>\n<p>&nbsp;<\/p>\n<p>&nbsp;<\/p>\n<p>&nbsp;<\/p>\n<p>&nbsp;<\/p>\n<p>&nbsp;<\/p>\n<p>&nbsp;<\/p>\n<p>&nbsp;<\/p>\n<p>&nbsp;<\/p>\n<p>&nbsp;<\/p>\n<p>&nbsp;<\/p>\n<p>&nbsp;<\/p>\n<p>&nbsp;<\/p>\n<p>&nbsp;<\/p>\n<p><img loading=\"lazy\" decoding=\"async\" class=\"size-medium wp-image-1439 alignnone\" src=\"https:\/\/dck.dobron.pl\/wp-content\/uploads\/2019\/10\/received_2410957642492619-300x225.jpeg\" alt=\"\" width=\"300\" height=\"225\" srcset=\"https:\/\/dck.dobron.pl\/wp-content\/uploads\/2019\/10\/received_2410957642492619-300x225.jpeg 300w, https:\/\/dck.dobron.pl\/wp-content\/uploads\/2019\/10\/received_2410957642492619-768x576.jpeg 768w, https:\/\/dck.dobron.pl\/wp-content\/uploads\/2019\/10\/received_2410957642492619.jpeg 960w\" sizes=\"auto, (max-width: 300px) 100vw, 300px\" \/><\/p>\n<p>1 pa\u017adziernika mamy ju\u017c 4 lata i par\u0119 osi\u0105gni\u0119\u0107!!! I nagr\u00f3d: \u0141\u00f3PTA 40 \u2013 3 miejsce, nagroda sejmik\u00f3w regionalnych i w roku ubieg\u0142ym i obecnym, co daje nam nagrod\u0119 w finale og\u00f3lnopolskich Sejmik\u00f3w Teatralnych. Sztuki mo\u017ce i robimy poma\u0142u, ale z wielk\u0105 staranno\u015bci\u0105. Jet nas du\u017co i zebra\u0107 si\u0119 na pr\u00f3b\u0119 \u2013 aby wszystkim pasowa\u0142 czas \u2013 jest niezwykle trudne, ale mimo to pracujemy ci\u0119\u017cko\u2026<\/p>\n<p>Nasz\u0105 najnowsz\u0105 produkcj\u0119 \u2013 O\u017bENEK Gogola zobaczycie nasi wspaniali widzowie ju\u017c niebawem.<\/p>\n<p>B\u0119dzie to jednocze\u015bnie uroczyste otwarcie nowej, ma\u0142ej sali widowiskowej w budynku dawnej biblioteki. Teraz j\u0105 szykujemy i przerabiamy na sal\u0119 teatraln\u0105. Kiedy to b\u0119dzie?<\/p>\n<p>Marzymy aby jeszcze w tym roku! Je\u015bli si\u0119 nie uda \u2013 to na pocz\u0105tek przysz\u0142ego.<\/p>\n<p>Jedno jest pewne, b\u0119dzie pi\u0119knie i magicznie!!!!! O wszystkim b\u0119dziemy informowa\u0107 na stronie facebookowej i na stronie gminy i DCK.<\/p>\n<h4><span style=\"color: #0000ff;\">Teatr sPokoLe\u0144 prowadzi Teresa Dzielska<\/span><\/h4>\n<p><strong>Rok 2019 to kolejne wyzwania:<\/strong><\/p>\n<p>Trwaj\u0105 pr\u00f3by do<strong> \u201eCiotki Karola\u201d <\/strong>Thomasa Brandona<br \/>\nOraz<strong> \u201eO<\/strong><strong>\u017c<\/strong><strong>enku\u201d <\/strong>Niko\u0142aja Gogola<\/p>\n<h4>2019 &#8211; Nagroda na XIII Wiejskich Sejmikach Teatralnych w Komornikach ko\u0142o O\u017carowa<\/h4>\n<p><strong>Nagrody:<\/strong><br \/>\n<strong>2017 \u2013 3 miejsce na\u00a0 XXX \u0141\u00f3PTA<\/strong><\/p>\n<p><strong>2018 \u2013 Nagroda na XII Wiejskich Sejmikach Teatralnych w O\u017carowie<\/strong><\/p>\n<p><strong>2018 \u2013 Nagroda Marsza\u0142ka Wojew\u00f3dztwa Lubelskiego na XXXV Og\u00f3lnopolskich Sejmikach Teatr\u00f3w Wsi Polskiej<\/strong><\/p>\n<p>&nbsp;<\/p>\n<p>Grupa teatralna \u201eTeatr sPokoLe\u0144\u201d\u00a0 istnieje od 1 pa\u017adziernika 2015 roku przy Dobro\u0144skim Centrum Kultury.\u00a0 Ma ju\u017c na swoim koncie 1 cz\u0119\u015b\u0107 sztuki Jana Drdy \u201eZapomniany Diabe\u0142\u201d,\u00a0 kt\u00f3rego premiera odby\u0142a si\u0119 4 czerwca 2016 roku. Sk\u0142ad grupy to a\u017c 16 os\u00f3b w wieku od 16 lat do ponad 70.<br \/>\nGrupa postawi\u0142a sobie zadanie \u0142\u0105czy\u0107 ludzi m\u0142odych z doros\u0142ymi w ka\u017cdym wieku, aby szuka\u0107 wsp\u00f3lnego j\u0119zyka i m\u00f3wi\u0107 nim do widz\u00f3w. Chce pokaza\u0107, \u017ce r\u00f3\u017cnica wieku, pokole\u0144 i pozycji spo\u0142ecznej nie stanowi bariery mi\u0119dzy lud\u017ami.<br \/>\nTworzymy teatr co i po\u015bmia\u0107 si\u0119 mo\u017cna i wzruszy\u0107, pomy\u015ble\u0107 o sobie, o znajomych, o przemijaniu i o szcz\u0119\u015bciu. I o tym \u017ceby \u0142apa\u0107 chwil\u0119.\u00a0 Zebra\u0142o si\u0119 nas 16 os\u00f3b. Wi\u0119cej ni\u017c etatowych aktor\u00f3w w niejednym profesjonalnym\u00a0 teatrze. 16 os\u00f3b kt\u00f3re nios\u0105 ze sob\u0105 \u015bwiat\u0142o wszystkiego czym zawsze by\u0142 teatr. Ta nasza grupa, to taka symbioza w sztuce. Aktor \u2013 instruktor przypomina sobie czym winien by\u0107 teatr patrz\u0105c na prawd\u0119 i zaanga\u017cowanie tych niezwyk\u0142ych aktor\u00f3w. Teatr w takim wymiarze od\u017cywa, zaczyna spe\u0142nia\u0107 wyra\u017aniej swoj\u0105 rol\u0119 dla ludzi.<br \/>\n1 pa\u017adziernika 2016 roku przedstawili\u015bmy po raz kolejny \u201eZapomnianego diab\u0142a\u201d w miejscu szczeg\u00f3lnym: \u201eStolarni Sztuki\u201d, kt\u00f3r\u0105 chcemy powo\u0142a\u0107 do \u017cycia w zupe\u0142nie innej roli. Stara stolarnia dobro\u0144ska w\u0142a\u015bnie 1 pa\u017adziernika zamieni\u0142a si\u0119 w teatr o niezwyk\u0142ym charakterze i niepowtarzalnym nastroju, mieszcz\u0105c oko\u0142o 230 os\u00f3b na widowni.<br \/>\nPrzygotowujemy si\u0119 teraz do 2 sztuk<br \/>\n\u2022\u00a0\u00a0 \u00a0\u201eZ\u0142odzieje przychodz\u0105 nie tylko kra\u015b\u0107\u201d Dario Fo<br \/>\n\u2022\u00a0\u00a0 \u00a0\u201eMoralno\u015b\u0107 Pani Dulskiej\u201d Gabryjeli Zapolskiej<\/p>\n<h3>Grup\u0119 prowadzi Teresa Dzielska<\/h3>\n<p>Znajd\u017a nas na <a href=\"https:\/\/www.facebook.com\/TeatrsPokoLen\/\"><img loading=\"lazy\" decoding=\"async\" class=\"alignnone wp-image-600 \" src=\"https:\/\/dck.dobron.pl\/wp-content\/uploads\/2016\/10\/Facebook-create-300x106.png\" alt=\"\" width=\"135\" height=\"48\" srcset=\"https:\/\/dck.dobron.pl\/wp-content\/uploads\/2016\/10\/Facebook-create-300x106.png 300w, https:\/\/dck.dobron.pl\/wp-content\/uploads\/2016\/10\/Facebook-create-768x271.png 768w, https:\/\/dck.dobron.pl\/wp-content\/uploads\/2016\/10\/Facebook-create-1024x362.png 1024w, https:\/\/dck.dobron.pl\/wp-content\/uploads\/2016\/10\/Facebook-create.png 1280w\" sizes=\"auto, (max-width: 135px) 100vw, 135px\" \/><\/a><\/p>\n<p><strong>Podsumowanie 2017 i 2018 roku:<\/strong><br \/>\n<img loading=\"lazy\" decoding=\"async\" class=\"size-medium wp-image-1240 alignright\" src=\"https:\/\/dck.dobron.pl\/wp-content\/uploads\/2019\/02\/CollageMaker_20180324_110648460-300x300.jpg\" alt=\"\" width=\"300\" height=\"300\" srcset=\"https:\/\/dck.dobron.pl\/wp-content\/uploads\/2019\/02\/CollageMaker_20180324_110648460-300x300.jpg 300w, https:\/\/dck.dobron.pl\/wp-content\/uploads\/2019\/02\/CollageMaker_20180324_110648460-150x150.jpg 150w, https:\/\/dck.dobron.pl\/wp-content\/uploads\/2019\/02\/CollageMaker_20180324_110648460-768x768.jpg 768w, https:\/\/dck.dobron.pl\/wp-content\/uploads\/2019\/02\/CollageMaker_20180324_110648460-1024x1024.jpg 1024w, https:\/\/dck.dobron.pl\/wp-content\/uploads\/2019\/02\/CollageMaker_20180324_110648460.jpg 1920w\" sizes=\"auto, (max-width: 300px) 100vw, 300px\" \/><br \/>\n<strong>Spektakle:<\/strong><\/p>\n<ul>\n<li><strong>\u201eZapomniany diabe<\/strong><strong>\u0142<\/strong><strong>\u201d<\/strong> <strong>\u2013<\/strong><strong> Jana Drdy &#8211; 2x zagrane<\/strong><\/li>\n<\/ul>\n<p><strong>Premiera: 4 czerwca 2016<\/strong><\/p>\n<ul>\n<li><strong>\u201ePoezj<\/strong><strong>\u0105<\/strong><strong> w Bo<\/strong><strong>\u017c<\/strong><strong>e Narodzenie<\/strong><strong>\u201d<\/strong> <strong>\u2013<\/strong> wiersze uznanych poet\u00f3w polskich \u2013 2x zagrane<\/li>\n<\/ul>\n<p>Premiera: 18 grudzie\u0144 2016g<\/p>\n<ul>\n<li><strong>\u201eRozwa<\/strong><strong>\u017c<\/strong><strong>ania w Krzy<\/strong><strong>\u017c<\/strong><strong>u<\/strong><strong>\u201d<\/strong> <strong>\u2013<\/strong> fragmenty homilii Jana Paw\u0142a II \u2013 1x zagrane<\/li>\n<\/ul>\n<p>Premiera: 02 kwiecie\u0144 2017<\/p>\n<ul>\n<li><strong>\u201eNie wszyscy z<\/strong><strong>\u0142<\/strong><strong>odzieje przychodz<\/strong><strong>\u0105<\/strong><strong> kra<\/strong><strong>\u015b\u0107<\/strong><strong>\u201d<\/strong> <strong>\u2013<\/strong> Dario Fo- 17x zagrane<\/li>\n<\/ul>\n<p>Premiera: 10 czerwiec 2017<br \/>\n<strong>\u00a0<\/strong><\/p>\n<ul>\n<li><strong>\u201eMoralno<\/strong><strong>\u015b\u0107<\/strong><strong> Pani Dulskiej\u201d \u2013 <\/strong>Gabriela Zapolska \u2013 10 x zagrane<\/li>\n<\/ul>\n<p>Premiera: 23 marzec 2018<br \/>\nStrona facebookowa: <a href=\"http:\/\/www.facebook.com\/TeatrsPokoLen\/\">www.facebook.com\/TeatrsPokoLen\/<\/a><br \/>\n<em>\u0141\u0105cznie oko\u0142o 2500 widz\u00f3w zobaczy\u0142o spektakle Teatru sPokoLe\u0144<\/em><br \/>\n<em>\u00a0<\/em><\/p>\n<p><span style=\"border-radius: 2px; text-indent: 20px; width: auto; padding: 0px 4px 0px 0px; text-align: center; font: bold 11px\/20px 'Helvetica Neue',Helvetica,sans-serif; color: #ffffff; background: #bd081c no-repeat scroll 3px 50% \/ 14px 14px; position: absolute; opacity: 1; z-index: 8675309; display: none; cursor: pointer;\">Zapisz<\/span><\/p>\n<p><span style=\"border-radius: 2px; text-indent: 20px; width: auto; padding: 0px 4px 0px 0px; text-align: center; font: bold 11px\/20px 'Helvetica Neue',Helvetica,sans-serif; color: #ffffff; background: #bd081c no-repeat scroll 3px 50% \/ 14px 14px; position: absolute; opacity: 1; z-index: 8675309; display: none; cursor: pointer;\">Zapisz<\/span><\/p>\n","protected":false},"excerpt":{"rendered":"Zapraszamy na kolejn\u0105 ods\u0142on\u0119 \ud83d\ude42 &nbsp; &nbsp; &nbsp; &nbsp; &nbsp; &nbsp; &nbsp; &nbsp; &nbsp; &nbsp; &nbsp; &nbsp; &nbsp; &nbsp; &nbsp; &nbsp; 1 pa\u017adziernika \n<a class=\"moretag\" href=\"https:\/\/dck.dobron.pl\/?page_id=302\"> [czytaj dalej ...]<\/a>","protected":false},"author":2,"featured_media":0,"parent":0,"menu_order":0,"comment_status":"closed","ping_status":"closed","template":"","meta":{"footnotes":""},"class_list":["post-302","page","type-page","status-publish","hentry"],"_links":{"self":[{"href":"https:\/\/dck.dobron.pl\/index.php?rest_route=\/wp\/v2\/pages\/302","targetHints":{"allow":["GET"]}}],"collection":[{"href":"https:\/\/dck.dobron.pl\/index.php?rest_route=\/wp\/v2\/pages"}],"about":[{"href":"https:\/\/dck.dobron.pl\/index.php?rest_route=\/wp\/v2\/types\/page"}],"author":[{"embeddable":true,"href":"https:\/\/dck.dobron.pl\/index.php?rest_route=\/wp\/v2\/users\/2"}],"replies":[{"embeddable":true,"href":"https:\/\/dck.dobron.pl\/index.php?rest_route=%2Fwp%2Fv2%2Fcomments&post=302"}],"version-history":[{"count":12,"href":"https:\/\/dck.dobron.pl\/index.php?rest_route=\/wp\/v2\/pages\/302\/revisions"}],"predecessor-version":[{"id":2793,"href":"https:\/\/dck.dobron.pl\/index.php?rest_route=\/wp\/v2\/pages\/302\/revisions\/2793"}],"wp:attachment":[{"href":"https:\/\/dck.dobron.pl\/index.php?rest_route=%2Fwp%2Fv2%2Fmedia&parent=302"}],"curies":[{"name":"wp","href":"https:\/\/api.w.org\/{rel}","templated":true}]}}