{"id":156,"date":"2020-07-02T19:04:22","date_gmt":"2020-07-02T19:04:22","guid":{"rendered":"http:\/\/dck.dobron.pl\/?page_id=156"},"modified":"2023-07-06T09:03:47","modified_gmt":"2023-07-06T09:03:47","slug":"grupa-ldzan-grabia","status":"publish","type":"page","link":"https:\/\/dck.dobron.pl\/?page_id=156","title":{"rendered":"Grupa Ldza\u0144 &#8211; Grabia"},"content":{"rendered":"<h1 style=\"text-align: center;\"><strong>Marzenie<\/strong><\/h1>\n<p>Marzenie to niekie\u0142znany \u015bwiat fantazji. A \u017ce lubimy marzy\u0107 wypada zada\u0107 pytanie: jak w niego wej\u015b\u0107? Co mo\u017ce nas do tego zainspirowa\u0107? W wi\u0119kszo\u015bci jeste\u015bmy wzrokowcami. Wi\u0119c obraz. To co widzimy potrafi nas przenie\u015b\u0107 w \u015bwiat fantazji, w \u015bwiat marze\u0144. Skoro nam w nim dobrze rodzi si\u0119 ch\u0119\u0107 by go utrwali\u0107, aby nie uciek\u0142. Wi\u0119c fotografia. Fotografia przypomni chwil\u0119, ulotne mgnienie, ocali na d\u0142u\u017cej.<\/p>\n<p>Rzeczywisto\u015b\u0107 skrzeczy, dajmy rado\u015b\u0107 oczom a duszy wytchnienie. Zapraszam do poszukiwa\u0144 w \u015bwiecie natury doliny Grabi.<\/p>\n<p>Prace w formacie 30&#215;45 prosz\u0119 dostarczy\u0107 do ko\u0144ca wrze\u015bnia tego roku do Dobro\u0144skiego Centrum Kultury. Ich ilo\u015b\u0107 winna oscylowa\u0107 pomi\u0119dzy 3 a 5 ze wskazaniem na t\u0119 drug\u0105 cyfr\u0119. Prosz\u0119 do tego do\u0142\u0105czy\u0107 elektroniczn\u0105 form\u0119 prac b\u0105d\u017a odbitki 10&#215;15. Z racji konieczno\u015bci wyboru ( nie wiadomo ile prac wp\u0142ynie) prosz\u0119 je na odwrocie ponumerowa\u0107 w kolejno\u015bci wa\u017cno\u015bci. Jedynka winna sugerowa\u0107, \u017ce t\u0119 fotografi\u0119 chcecie widzie\u0107 na wystawie w pierwszej kolejno\u015bci. Wernisa\u017c jest przewidziany na pocz\u0105tek listopada. W styczniu 2024 roku mamy zaproszenie do prezentacji w \u0142askiej bibliotece w \u201eGalerii pod korabiem\u201d. Tam b\u0119dzie potrzeba wi\u0119cej prac st\u0105d pro\u015bba o pi\u0105tk\u0119.<\/p>\n<p>Janusz Ziarnik<\/p>\n<p>&nbsp;<\/p>\n<p>&nbsp;<\/p>\n<p style=\"text-align: center;\"><strong>Grupa Ldza\u0144 -Grabia<\/strong><br \/>\n<strong>Manifest tw\u00f3rczy-2022<\/strong><\/p>\n<p style=\"text-align: center;\"><strong>Ryzyko<\/strong><\/p>\n<p><strong>\u00a0\u00a0\u00a0\u00a0\u00a0\u00a0\u00a0 <\/strong>\u00a0\u00a0Czym jest ryzyko wie ka\u017cdy. Dla fotografa, ryzyko mo\u017ce mie\u0107 dwojakie znaczenie. Pierwsze to robienie zdj\u0119\u0107 w ryzykownej sytuacji np. p\u0142yn\u0105c kajakiem wpada do wody i unosz\u0105c nad wod\u0119 aparat robi zdj\u0119cie innym, kt\u00f3rzy te\u017c tego do\u015bwiadczyli. Drugie znaczenie wi\u0105\u017ce si\u0119 ze \u015bwiat\u0142em. Niedo\u015bwietlenie lub prze\u015bwietlenie kadru mo\u017ce da\u0107 ciekawe efekty. Nieostry fragment obrazu w kontra\u015bcie z ostrym detalem podkre\u015bli walor tego\u017c. Wynurzaj\u0105ce si\u0119 z mg\u0142y kontury drzew, g\u0142owy ptak\u00f3w nabior\u0105 nieco innego znaczenia. I o takie zdj\u0119cia tym razem chodzi. Oczywi\u015bcie zdj\u0119cia winny dotyczy\u0107 przyrody doliny Grabi. Termin prezentacji to jesie\u0144 tego roku, wi\u0119c prace powinny trafi\u0107 do Dobro\u0144skiego Centrum Kultury do ko\u0144ca wrze\u015bnia.<\/p>\n<p>Janusz Ziarnik<\/p>\n<p>&nbsp;<\/p>\n<p><strong>Wspomnienie<\/strong><\/p>\n<p>Zapraszam do wzi\u0119cia udzia\u0142u w kolejnej wystawie grupy \u201eLdza\u0144- Grabia\u201d. Tym razem tematem, co uzgodnili\u015bmy na ostatnim wernisa\u017cu, b\u0119dzie- wspomnienie. Prace winny dotyczy\u0107 przyrody doliny rzeki Grabi. Format ten sam (30&#215;40), ilo\u015b\u0107 prac do uzgodnienia (optymalnie 3 fotografie). Prosz\u0119 o dostarczenie ich oraz wgl\u0105d\u00f3wek (druk foldera) do ko\u0144ca wrze\u015bnia do Dobro\u0144skiego Centrum Kultury. Otwarcie wystawy planowane jest na jesie\u0144. Dok\u0142adny termin otwarcia i jego forma, zale\u017ce\u0107 b\u0119dzie od stanu epidemiologicznego w kraju.<\/p>\n<p>W za\u0142\u0105czeniu przesy\u0142am manifest tw\u00f3rczy projektowanej wystawy. Przypominam, \u017ce do odebrania s\u0105 prace z poprzednich wystaw.<\/p>\n<p>Janusz Ziarnik<\/p>\n<p>&nbsp;<\/p>\n<p style=\"text-align: center;\"><strong>Pech<\/strong><\/p>\n<p>\u00a0Ka\u017cdemu i wszystkiemu mo\u017ce si\u0119 przydarzy\u0107. Przyrodzie te\u017c. A szczeg\u00f3lnie w przyrodzie dziej\u0105 si\u0119 rzeczy nieprzewidziane, nieodgadnione jak chocia\u017cby porywiste wiatry, raptowne ulewy, czy tak zwane gromy z jasnego nieba. Bo czy to nie jest pech, \u017ce \u0142amie si\u0119 stare, mocne drzewo, a \u017caba uniesiona wraz z stawem tr\u0105b\u0105 powietrzn\u0105 l\u0105duje brzuchem do g\u00f3ry na dachu ?<\/p>\n<p>Wyobra\u017ania Tego Kt\u00f3ry Steruje, w co wierzymy, jest wielka. Spr\u00f3bujmy okiem obiektywu aparatu fotograficznego znale\u017a\u0107 na to dowody. Mo\u017ce si\u0119 kiedy\u015b przydadz\u0105 w Ostatecznych Rozliczeniach. A na pewno (fotografie) znajd\u0105 zastosowanie na jesiennej wystawie , do czego zach\u0119cam.<\/p>\n<p>Wystaw\u0119 zaplanowano na listopad, prosz\u0119 wi\u0119c dostarczy\u0107 wybrane prace do Dobro\u0144skiego Centrum Kultury (format, podpisy etc. s\u0105 znane) do ko\u0144ca wrze\u015bnia 2018 r.\u00a0 Istnieje du\u017ce prawdopodobie\u0144stwo, \u017ce wystawa b\u0119dzie mia\u0142a, oczywi\u015bcie za zgod\u0105 autor\u00f3w, jeszcze jedn\u0105 edycj\u0119 na pocz\u0105tku przysz\u0142ego roku.<\/p>\n<p>Janusz Ziarnik<\/p>\n<p style=\"text-align: center;\"><strong>Wernisa\u017c wystawy fotografii<\/strong><\/p>\n<p style=\"text-align: center;\"><strong>Grupy Ldza\u0144 &#8211; Grabia<br \/>\n<\/strong><\/p>\n<p style=\"text-align: center;\"><strong>&#8222;\u015awi\u0119to w przyrodzie&#8221;<br \/>\n<\/strong><\/p>\n<p><strong>\u00a0<\/strong><\/p>\n<p style=\"text-align: justify;\"><strong><br \/>\n<\/strong>\u00a0\u00a0\u00a0\u00a0\u00a0 W dniu 8 listopada 2015 r. w Gminnym O\u015brodku Kultury w Dobroniu odby\u0142 si\u0119 wernisa\u017c wystawy fotografii Grupy Ldza\u0144 &#8211; Grabia &#8222;\u015awi\u0119to w przyrodzie&#8221;.\u00a0 Fotografie\u00a0 prezentowali\u00a0 cz\u0142onkowie Grupy :<\/p>\n<p style=\"text-align: justify;\">Daria Czekalska, \u00a0 Gra\u017cyna D\u0119bowska, \u00a0 Barbara Grabowska,\u00a0 Tadeusz Ha\u0142atek,\u00a0 \u00a0 Bogdan Prusisz, Tomasz \u015awiderski, \u00a0 Janusz Ziarnik\u00a0 oraz Paulina Jach &#8211; laureatka I miejsca w konkursie &#8222;\u015awi\u0119to w przyrodzie&#8221;.<\/p>\n<p style=\"text-align: justify;\">Wystawa &#8222;\u015awi\u0119to w przyrodzie&#8221;\u00a0 to dziesi\u0105ta &#8211; jubileuszowa\u00a0 prezentacja.\u00a0 O historii Grupy &#8211; jej powstaniu, dzia\u0142alnosci i dorocznych wystawach opowiedzia\u0142 opiekun grupy Pan Janusz Ziarnik. Grupa Ldza\u0144 &#8211; Grabia\u00a0 od\u00a0 2 lat\u00a0 patronuje\u00a0 konkursowi\u00a0 fotograficznemu\u00a0 dla\u00a0 m\u0142odych, gdzie nagrod\u0105 jest prezentacja w gronie do\u015bwiadczonych fotograf\u00f3w.<\/p>\n<p style=\"text-align: justify;\">Podczas wernisa\u017cu\u00a0 W\u00f3jt Gminy Dobro\u0144-\u00a0 Pan Robert Jarz\u0119bak\u00a0 oraz\u00a0 Pan\u00a0 Janusz Ziarnik wr\u0119czyli nagrody tegorocznym zwyci\u0119zcom konkursu. Laureatki konkursu &#8222;\u015awi\u0119to w przyrodzie&#8221;<\/p>\n<p style=\"text-align: justify;\">I\u00a0\u00a0\u00a0 miejsce &#8211; Paulina Jach &#8211; Wincent\u00f3w<\/p>\n<p style=\"text-align: justify;\">II\u00a0\u00a0 miejsce &#8211; Julia Kruk &#8211; Chech\u0142o<\/p>\n<p style=\"text-align: justify;\">III\u00a0 miejsce &#8211; Anita Pawelczyk &#8211; Wymys\u0142\u00f3w Enklawa<\/p>\n<p style=\"text-align: justify;\">Na\u00a0 r\u0119ce\u00a0 Pana Tadeusza Ha\u0142atka\u00a0 przekazano\u00a0 podzi\u0119kowanie\u00a0 z\u00a0 podpisami cz\u0142onk\u00f3w Grupy Ldza\u0144 &#8211; Grabia jej za\u0142o\u017cycielowi Panu Andrzejowi Tadeuszowi Micha\u0142owskiemu. Odby\u0142 sie r\u00f3wnie\u017c koncert\u00a0 &#8222;Powr\u00f3\u0107my jak za dawnych lat&#8221; w wykonaniu\u00a0 Zespo\u0142u Wokalnego &#8222;Volare&#8221; pod kierunkiem Pana Piotra Kopra. Do piosenek z repertuaru Czerwonych Gitar w\u0142\u0105czyli sie nasi go\u015bcie. Po\u00a0 zwiedzeniu wystawy\u00a0 go\u015bcie mieli r\u00f3wnie\u017c mo\u017cliwo\u015b\u0107 obejrze\u0107 prezentacj\u0119 multimedialn\u0105 z okresu 10 lat dzia\u0142alno\u015bci Grupy Ldza\u0144-Grabia przygotowana przez Gminny O\u015brodek Kultury.<\/p>\n<p style=\"text-align: justify;\">Na zako\u0144czenie uroczysto\u015bci wszystkich go\u015bci zaproszono na s\u0142odki pocz\u0119stunek.<\/p>\n","protected":false},"excerpt":{"rendered":"Marzenie Marzenie to niekie\u0142znany \u015bwiat fantazji. A \u017ce lubimy marzy\u0107 wypada zada\u0107 pytanie: jak w niego wej\u015b\u0107? Co mo\u017ce nas do tego zainspirowa\u0107? \n<a class=\"moretag\" href=\"https:\/\/dck.dobron.pl\/?page_id=156\"> [czytaj dalej ...]<\/a>","protected":false},"author":1,"featured_media":0,"parent":0,"menu_order":0,"comment_status":"closed","ping_status":"closed","template":"","meta":{"footnotes":""},"class_list":["post-156","page","type-page","status-publish","hentry"],"_links":{"self":[{"href":"https:\/\/dck.dobron.pl\/index.php?rest_route=\/wp\/v2\/pages\/156","targetHints":{"allow":["GET"]}}],"collection":[{"href":"https:\/\/dck.dobron.pl\/index.php?rest_route=\/wp\/v2\/pages"}],"about":[{"href":"https:\/\/dck.dobron.pl\/index.php?rest_route=\/wp\/v2\/types\/page"}],"author":[{"embeddable":true,"href":"https:\/\/dck.dobron.pl\/index.php?rest_route=\/wp\/v2\/users\/1"}],"replies":[{"embeddable":true,"href":"https:\/\/dck.dobron.pl\/index.php?rest_route=%2Fwp%2Fv2%2Fcomments&post=156"}],"version-history":[{"count":8,"href":"https:\/\/dck.dobron.pl\/index.php?rest_route=\/wp\/v2\/pages\/156\/revisions"}],"predecessor-version":[{"id":3318,"href":"https:\/\/dck.dobron.pl\/index.php?rest_route=\/wp\/v2\/pages\/156\/revisions\/3318"}],"wp:attachment":[{"href":"https:\/\/dck.dobron.pl\/index.php?rest_route=%2Fwp%2Fv2%2Fmedia&parent=156"}],"curies":[{"name":"wp","href":"https:\/\/api.w.org\/{rel}","templated":true}]}}